{"id":14,"date":"2024-07-15T06:09:16","date_gmt":"2024-07-15T06:09:16","guid":{"rendered":"https:\/\/www.mariopilati.net\/?page_id=14"},"modified":"2024-07-15T06:12:24","modified_gmt":"2024-07-15T06:12:24","slug":"laura-esposito-pilati-2","status":"publish","type":"page","link":"https:\/\/www.mariopilati.net\/?page_id=14","title":{"rendered":"Ritratto di M.P."},"content":{"rendered":"\n<h2 class=\"wp-block-heading has-text-align-center\">PILATI A SESSANT&#8217;ANNI<br>DALLA PREMATURA SCOMPARSA<\/h2>\n\n\n\n<h2 class=\"wp-block-heading has-text-align-center\">RITRATTO DEL COMPOSITORE NAPOLETANO<br><br>[RICORDI OGGI &#8211; GIUGNO e DICEMBRE 1997]<\/h2>\n\n\n\n<p>Non si pu\u00f2 certo dire che Mario Pilati, il compositore napoletano di cui ricorrer\u00e0 il prossimo anno il sessantesimo anniversario della morte, sia oggi un musicista conosciuto, ricordato e apprezzato al suo giusto valore.<br>Morto a soli 35 anni, nel 1938, alla vigilia del conflitto mondiale, in un periodo che vedr\u00e0 tanti sconvolgimenti operarsi a seguito di un cosi tragico evento, egli \u00e8 stato la vittima incolpevole di un&#8217;energica operazione di rinnovamento, in un dopoguerra deciso a far piazza pulita di tutto ci\u00f2 che aveva caratterizzato l&#8217;epoca precedente.<br>Chi pu\u00f2 affermare, oggi, di aver conosciuto Mario Pilati o di aver intrattenuto un rapporto familiare con la sua musica? Non resta pi\u00f9 nessuno dei testimoni di quell&#8217;epoca, relegata dalla frattura cruenta aperta dalla guerra, in un passato che percepiamo ancora pi\u00f9 remoto, dal nostro accidentato presente, di quanto siano gli anni in realt\u00e0 trascorsi. N\u00e8 i suoi allievi pi\u00f9 amati, a lui pi\u00f9 affini per gusto, cultura, doti musicali e umane &#8211; Gianandrea Gavazzeni, Giacomo Saponaro, Orazio Fiume, per non citarne che alcuni &#8211; hanno potuto opporsi, operando per il loro maestro un&#8217;eccezione, all&#8217;ingiusto accantonamento di un epoca, ormai superata e in contrasto con i valori a fatica emergenti dalle travagliate vicende, musicali e non, del nostro ultimo dopoguerra.<br>Cos\u00ec le esecuzioni di Mario Pilati che, anche dopo la sua scomparsa continuavano ad avere luogo, in Italia e all&#8217;estero, regolarmente, sono andate via via diradandosi, fino a tacere del tutto. Oggi, per\u00f2, sembra che qualcosa stia cambiando: l&#8217;ingiusto silenzio che pesava su lui e sulla sua musica comincia a dissiparsi e il lungo periodo di quarantena sta forse per finire. A prova, l&#8217;interesse manifestato da qualche tempo da interpreti giovani ed entusiasti, per questo compositore a torto dimenticato.<br>L&#8217;avvio a questa felice impresa \u00e8 stato dato dalla riscoperta della Sonata per flauto e pianoforte, Premio Coolidge 1927, finalmente stampato, nella primavera del 1995, a cura dell&#8217;Accademia Italiana del Flauto. Dopo un letargo durato quasi settant&#8217;anni, questa \u00abSonata\u00bb riprende oggi una carriera cominciata a suo tempo sotto i migliori auspici, tenuta a battesimo nelle prime esecuzioni in Italia, a Roma e in seguito a Napoli, da interpreti d&#8217;eccezione, Alfredo Casella al pianoforte e Marcel Moyse al flauto.<br>Aveva cominciato a comporre d&#8217;istinto, giovanissimo, prima ancora di ricevere una qualsiasi formazione musicale. A 15 anni viene ammesso alla scuola di composizione nel Conservatorio di Napoli, sua citt\u00e0 natale dove, sotto la sapiente guida di Antonio Savasta, che aveva intravisto le doti straordinarie del suo precocissimo allievo, in solo 4 anni consegue il diploma con il massimo dei voti e la lode. Da allora l&#8217;ascesa fu rapidissima, sempre primo e vincitore di tutti i concorsi a cattedra a cui si presentava e di tutti i premi ai quali concorreva. A 20 anni era a Cagliari, titolare della cattedra di Composizione in quel Liceo Musicale dove rimase finch\u00e9, nel 1925, su suggerimento di Pizzetti, allora direttore del Conservatorio, Casa Ricordi lo volle a Milano\u00b9. Gli venne affidata l&#8217;elaborazione e riduzione di opere di altri autori &#8211; ma doveva ben presto veder stampate dalla nostra casa editrice anche le sue &#8211; e compilazioni di volumi critici, mentre continuava l&#8217;insegnamento in forma privata, partecipando con profitto ed entusiasmo, attraverso la collaborazione a giornali e riviste musicali e letterarie, o in qualit\u00e0 di direttore d&#8217;orchestra, accompagnatore al pianoforte, maestro concertatore, alla vita culturale molto pi\u00f9 intensa e brillante di questa citt\u00e0, pertanto difficile, che gli apriva le braccia. Fu questo un periodo di grande attivit\u00e0 e creativit\u00e0 in cui vedono la luce alcuni dei suoi lavori pi\u00f9 felici: \u00abSonata in fa\u00bb, \u00abPreludio, aria e tarantella\u00bb per violino e pianoforte, \u00abSonata in la\u00bb per violoncello e pianoforte valsero al giovane compositore una solida reputazione nell&#8217;ambito della musica da camera e riconoscimenti prestigiosi. Baster\u00e0 citare per tutti il Premio Coolidge 1927, istituito dalla mecenate americana ai fini di proporre i compositori europei da lei premiati a modello delle giovani generazioni di musicisti statunitensi. Le esecuzioni di musiche di Pilati divennero cos\u00ec sempre pi\u00f9 frequenti oltre oceano, affidate ad interpreti di grande valore: il flautista Barr\u00e8re per la \u00abSonata\u00bb, Koussevitsky per la \u00abSuite\u00bb e, pi\u00f9 tardi, Mitropoulos per il \u00abConcerto in do maggiore\u00bb che aveva tenuto a battesimo per il Festival di Musica Contemporanea di Venezia, nel settembre 1938, a soli due mesi dalla morte dell&#8217;autore che doveva cogliervi, estrema consolazione, il suo ultimo successo!<\/p>\n\n\n\n<p>Il periodo felice, infatti, doveva concludersi in breve tempo: lasciata Milano, nel 1930, per Napoli e poi Palermo, vincitore di concorsi a cattedra nei conservatori di quelle citt\u00e0, torner\u00e0 ancora a Napoli per insegnare composizione e per morirvi, vinto da una malattia che non gli dar\u00e0 tregua. Lasciava incompiuto, dopo aver gi\u00e0 affrontato con successo la musica sinfonica, il lavoro di pi\u00f9 gran mole, l&#8217;opera di ambiente e dialetto napoletano \u00abPiedigrotta\u00bb &#8211; celebrazione di Napoli, regina incontestata della melodia attraverso i secoli &#8211; da cui si attendeva la definitiva consacrazione.<br>Il suo nome, che aveva tanto spesso rappresentato con successo nel mondo la giovane musica italiana nei pi\u00f9 importanti Festival internazionali, continuava ad apparire nei concerti dei pi\u00f9 prestigiosi solisti e direttori d&#8217;orchestra: Heifetz e von Vecsey eseguivano il suo \u00abPreludio, aria e tarantella\u00bb che, nella versione per orchestra, era diretto in America da Mitropoulos e, in tourn\u00e9e europea oltre che alla Scala, da Victor de Sabata.<br>Ma tutto questo non \u00e8 bastato: con l&#8217;incalzare degli anni pi\u00f9 tristi della guerra e con tutto quello che \u00e8 venuto in seguito, la memoria di Mario Pilati doveva restare viva solo per coloro che l&#8217;hanno conosciuto ed amato e che ne hanno coltivato, quasi esclusivamente in privato, l&#8217;affettuoso ricordo. Possiamo abbandonarci alla speranza che questo periodo di residenza forzata nel limbo della memoria stia per prendere fine?<br>\u00b9Quest\u2019articolo, redatto nel 1997 quando le notizie relative alla vita e all\u2019attivit\u00e0 del compositore erano ancora scarse, contiene un\u2019inesattezza. Alla luce dei documenti ritrovati pi\u00f9 tardi, Pilati decise di sua iniziativa di abbandonare l\u2019insegnamento ufficiale a Cagliari, per trasferirsi a Milano, citt\u00e0 culturalmente pi\u00f9 viva e ricca di occasioni. L\u2019incontro con Pizzetti, favorito da Casa Ricordi che present\u00f2 il giovane musicista, avvenne nel 1927 quando il Maestro decise di affidargli la riduzione per canto e pianoforte e l\u2019analisi del \u201cFra Gherardo\u201d che sarebbe andato in scena l\u2019anno successivo, al Teatro alla Scala, con la direzione di Arturo Toscanini.<\/p>\n","protected":false},"excerpt":{"rendered":"<p>PILATI A SESSANT&#8217;ANNIDALLA PREMATURA SCOMPARSA RITRATTO DEL COMPOSITORE NAPOLETANO [RICORDI OGGI &#8211; GIUGNO e DICEMBRE 1997] Non si pu\u00f2 certo dire che Mario Pilati, il compositore&#46;&#46;&#46;<\/p>\n","protected":false},"author":1,"featured_media":0,"parent":0,"menu_order":0,"comment_status":"closed","ping_status":"closed","template":"","meta":{"footnotes":""},"class_list":["post-14","page","type-page","status-publish","hentry"],"_links":{"self":[{"href":"https:\/\/www.mariopilati.net\/index.php?rest_route=\/wp\/v2\/pages\/14","targetHints":{"allow":["GET"]}}],"collection":[{"href":"https:\/\/www.mariopilati.net\/index.php?rest_route=\/wp\/v2\/pages"}],"about":[{"href":"https:\/\/www.mariopilati.net\/index.php?rest_route=\/wp\/v2\/types\/page"}],"author":[{"embeddable":true,"href":"https:\/\/www.mariopilati.net\/index.php?rest_route=\/wp\/v2\/users\/1"}],"replies":[{"embeddable":true,"href":"https:\/\/www.mariopilati.net\/index.php?rest_route=%2Fwp%2Fv2%2Fcomments&post=14"}],"version-history":[{"count":2,"href":"https:\/\/www.mariopilati.net\/index.php?rest_route=\/wp\/v2\/pages\/14\/revisions"}],"predecessor-version":[{"id":18,"href":"https:\/\/www.mariopilati.net\/index.php?rest_route=\/wp\/v2\/pages\/14\/revisions\/18"}],"wp:attachment":[{"href":"https:\/\/www.mariopilati.net\/index.php?rest_route=%2Fwp%2Fv2%2Fmedia&parent=14"}],"curies":[{"name":"wp","href":"https:\/\/api.w.org\/{rel}","templated":true}]}}